{"id":10,"date":"2023-04-03T00:04:50","date_gmt":"2023-04-03T00:04:50","guid":{"rendered":"https:\/\/jcruizaguilar.es\/?page_id=10"},"modified":"2025-06-26T08:53:20","modified_gmt":"2025-06-26T08:53:20","slug":"inicio","status":"publish","type":"page","link":"https:\/\/www.jcruizaguilar.es\/","title":{"rendered":"Inicio"},"content":{"rendered":"\n<figure class=\"wp-block-image size-full\"><img loading=\"lazy\" decoding=\"async\" width=\"512\" height=\"512\" src=\"https:\/\/i0.wp.com\/jcruizaguilar.es\/wp-content\/uploads\/2023\/04\/cropped-Logo-JCRA-1.png?resize=512%2C512&#038;ssl=1\" alt=\"\" class=\"wp-image-6\" srcset=\"https:\/\/i0.wp.com\/www.jcruizaguilar.es\/wp-content\/uploads\/2023\/04\/cropped-Logo-JCRA-1.png?w=512&amp;ssl=1 512w, https:\/\/i0.wp.com\/www.jcruizaguilar.es\/wp-content\/uploads\/2023\/04\/cropped-Logo-JCRA-1.png?resize=300%2C300&amp;ssl=1 300w, https:\/\/i0.wp.com\/www.jcruizaguilar.es\/wp-content\/uploads\/2023\/04\/cropped-Logo-JCRA-1.png?resize=150%2C150&amp;ssl=1 150w, https:\/\/i0.wp.com\/www.jcruizaguilar.es\/wp-content\/uploads\/2023\/04\/cropped-Logo-JCRA-1.png?resize=270%2C270&amp;ssl=1 270w, https:\/\/i0.wp.com\/www.jcruizaguilar.es\/wp-content\/uploads\/2023\/04\/cropped-Logo-JCRA-1.png?resize=192%2C192&amp;ssl=1 192w, https:\/\/i0.wp.com\/www.jcruizaguilar.es\/wp-content\/uploads\/2023\/04\/cropped-Logo-JCRA-1.png?resize=180%2C180&amp;ssl=1 180w, https:\/\/i0.wp.com\/www.jcruizaguilar.es\/wp-content\/uploads\/2023\/04\/cropped-Logo-JCRA-1.png?resize=32%2C32&amp;ssl=1 32w\" sizes=\"auto, (max-width: 512px) 100vw, 512px\" data-recalc-dims=\"1\" \/><\/figure>\n","protected":false},"excerpt":{"rendered":"","protected":false},"author":1,"featured_media":16,"parent":0,"menu_order":0,"comment_status":"closed","ping_status":"closed","template":"","meta":{"footnotes":""},"class_list":["post-10","page","type-page","status-publish","has-post-thumbnail","hentry"],"yoast_head":"<!-- This site is optimized with the Yoast SEO plugin v20.5 - https:\/\/yoast.com\/wordpress\/plugins\/seo\/ -->\n<title>\u00a1Hola! - Julio C\u00e9sar Ruiz Aguilar<\/title>\n<meta name=\"description\" content=\"Sitio web de Julio C\u00e9sar Ruiz Aguilar, periodista de investigaci\u00f3n de EL ESPA\u00d1OL y excorresponsal en M\u00e9xico y Am\u00e9rica Latina.\" \/>\n<meta name=\"robots\" content=\"index, follow, max-snippet:-1, max-image-preview:large, max-video-preview:-1\" \/>\n<link rel=\"canonical\" href=\"https:\/\/www.jcruizaguilar.es\/\" \/>\n<meta property=\"og:locale\" content=\"es_ES\" \/>\n<meta property=\"og:type\" content=\"article\" \/>\n<meta property=\"og:title\" content=\"\u00a1Hola! - Julio C\u00e9sar Ruiz Aguilar\" \/>\n<meta property=\"og:description\" content=\"Sitio web de Julio C\u00e9sar Ruiz Aguilar, periodista de investigaci\u00f3n de EL ESPA\u00d1OL y excorresponsal en M\u00e9xico y Am\u00e9rica Latina.\" \/>\n<meta property=\"og:url\" content=\"https:\/\/www.jcruizaguilar.es\/\" \/>\n<meta property=\"og:site_name\" content=\"Julio C\u00e9sar Ruiz Aguilar\" \/>\n<meta property=\"article:modified_time\" content=\"2025-06-26T08:53:20+00:00\" \/>\n<meta property=\"og:image\" content=\"https:\/\/www.jcruizaguilar.es\/wp-content\/uploads\/2023\/04\/cropped-cropped-Logo-JCRA-1.png\" \/>\n\t<meta property=\"og:image:width\" content=\"512\" \/>\n\t<meta property=\"og:image:height\" content=\"512\" \/>\n\t<meta property=\"og:image:type\" content=\"image\/png\" \/>\n<meta name=\"twitter:card\" content=\"summary_large_image\" \/>\n<meta name=\"twitter:title\" content=\"\u00a1Hola! - Julio C\u00e9sar Ruiz Aguilar\" \/>\n<meta name=\"twitter:image\" content=\"https:\/\/i0.wp.com\/www.jcruizaguilar.es\/wp-content\/uploads\/2023\/05\/Foto-perfil-2023-scaled-e1684881844142.jpeg?fit=1707%2C1312&ssl=1\" \/>\n<meta name=\"twitter:label1\" content=\"Tiempo de lectura\" \/>\n\t<meta name=\"twitter:data1\" content=\"1 minuto\" \/>\n<script type=\"application\/ld+json\" class=\"yoast-schema-graph\">{\"@context\":\"https:\/\/schema.org\",\"@graph\":[{\"@type\":\"WebPage\",\"@id\":\"https:\/\/www.jcruizaguilar.es\/\",\"url\":\"https:\/\/www.jcruizaguilar.es\/\",\"name\":\"\u00a1Hola! - Julio C\u00e9sar Ruiz Aguilar\",\"isPartOf\":{\"@id\":\"https:\/\/www.jcruizaguilar.es\/#website\"},\"datePublished\":\"2023-04-03T00:04:50+00:00\",\"dateModified\":\"2025-06-26T08:53:20+00:00\",\"description\":\"Sitio web de Julio C\u00e9sar Ruiz Aguilar, periodista de investigaci\u00f3n de EL ESPA\u00d1OL y excorresponsal en M\u00e9xico y Am\u00e9rica Latina.\",\"breadcrumb\":{\"@id\":\"https:\/\/www.jcruizaguilar.es\/#breadcrumb\"},\"inLanguage\":\"es\",\"potentialAction\":[{\"@type\":\"ReadAction\",\"target\":[\"https:\/\/www.jcruizaguilar.es\/\"]}]},{\"@type\":\"BreadcrumbList\",\"@id\":\"https:\/\/www.jcruizaguilar.es\/#breadcrumb\",\"itemListElement\":[{\"@type\":\"ListItem\",\"position\":1,\"name\":\"Portada\",\"item\":\"https:\/\/www.jcruizaguilar.es\/\"},{\"@type\":\"ListItem\",\"position\":2,\"name\":\"Inicio\"}]},{\"@type\":\"WebSite\",\"@id\":\"https:\/\/www.jcruizaguilar.es\/#website\",\"url\":\"https:\/\/www.jcruizaguilar.es\/\",\"name\":\"Julio C\u00e9sar Ruiz Aguilar\",\"description\":\"Periodista. Redactor y editor freelance.\",\"potentialAction\":[{\"@type\":\"SearchAction\",\"target\":{\"@type\":\"EntryPoint\",\"urlTemplate\":\"https:\/\/www.jcruizaguilar.es\/?s={search_term_string}\"},\"query-input\":\"required name=search_term_string\"}],\"inLanguage\":\"es\"}]}<\/script>\n<!-- \/ Yoast SEO plugin. -->","yoast_head_json":{"title":"\u00a1Hola! - Julio C\u00e9sar Ruiz Aguilar","description":"Sitio web de Julio C\u00e9sar Ruiz Aguilar, periodista de investigaci\u00f3n de EL ESPA\u00d1OL y excorresponsal en M\u00e9xico y Am\u00e9rica Latina.","robots":{"index":"index","follow":"follow","max-snippet":"max-snippet:-1","max-image-preview":"max-image-preview:large","max-video-preview":"max-video-preview:-1"},"canonical":"https:\/\/www.jcruizaguilar.es\/","og_locale":"es_ES","og_type":"article","og_title":"\u00a1Hola! - Julio C\u00e9sar Ruiz Aguilar","og_description":"Sitio web de Julio C\u00e9sar Ruiz Aguilar, periodista de investigaci\u00f3n de EL ESPA\u00d1OL y excorresponsal en M\u00e9xico y Am\u00e9rica Latina.","og_url":"https:\/\/www.jcruizaguilar.es\/","og_site_name":"Julio C\u00e9sar Ruiz Aguilar","article_modified_time":"2025-06-26T08:53:20+00:00","og_image":[{"width":512,"height":512,"url":"https:\/\/www.jcruizaguilar.es\/wp-content\/uploads\/2023\/04\/cropped-cropped-Logo-JCRA-1.png","type":"image\/png"}],"twitter_card":"summary_large_image","twitter_title":"\u00a1Hola! - Julio C\u00e9sar Ruiz Aguilar","twitter_image":"https:\/\/i0.wp.com\/www.jcruizaguilar.es\/wp-content\/uploads\/2023\/05\/Foto-perfil-2023-scaled-e1684881844142.jpeg?fit=1707%2C1312&ssl=1","twitter_misc":{"Tiempo de lectura":"1 minuto"},"schema":{"@context":"https:\/\/schema.org","@graph":[{"@type":"WebPage","@id":"https:\/\/www.jcruizaguilar.es\/","url":"https:\/\/www.jcruizaguilar.es\/","name":"\u00a1Hola! - Julio C\u00e9sar Ruiz Aguilar","isPartOf":{"@id":"https:\/\/www.jcruizaguilar.es\/#website"},"datePublished":"2023-04-03T00:04:50+00:00","dateModified":"2025-06-26T08:53:20+00:00","description":"Sitio web de Julio C\u00e9sar Ruiz Aguilar, periodista de investigaci\u00f3n de EL ESPA\u00d1OL y excorresponsal en M\u00e9xico y Am\u00e9rica Latina.","breadcrumb":{"@id":"https:\/\/www.jcruizaguilar.es\/#breadcrumb"},"inLanguage":"es","potentialAction":[{"@type":"ReadAction","target":["https:\/\/www.jcruizaguilar.es\/"]}]},{"@type":"BreadcrumbList","@id":"https:\/\/www.jcruizaguilar.es\/#breadcrumb","itemListElement":[{"@type":"ListItem","position":1,"name":"Portada","item":"https:\/\/www.jcruizaguilar.es\/"},{"@type":"ListItem","position":2,"name":"Inicio"}]},{"@type":"WebSite","@id":"https:\/\/www.jcruizaguilar.es\/#website","url":"https:\/\/www.jcruizaguilar.es\/","name":"Julio C\u00e9sar Ruiz Aguilar","description":"Periodista. Redactor y editor freelance.","potentialAction":[{"@type":"SearchAction","target":{"@type":"EntryPoint","urlTemplate":"https:\/\/www.jcruizaguilar.es\/?s={search_term_string}"},"query-input":"required name=search_term_string"}],"inLanguage":"es"}]}},"jetpack-related-posts":[],"_links":{"self":[{"href":"https:\/\/www.jcruizaguilar.es\/index.php?rest_route=\/wp\/v2\/pages\/10","targetHints":{"allow":["GET"]}}],"collection":[{"href":"https:\/\/www.jcruizaguilar.es\/index.php?rest_route=\/wp\/v2\/pages"}],"about":[{"href":"https:\/\/www.jcruizaguilar.es\/index.php?rest_route=\/wp\/v2\/types\/page"}],"author":[{"embeddable":true,"href":"https:\/\/www.jcruizaguilar.es\/index.php?rest_route=\/wp\/v2\/users\/1"}],"replies":[{"embeddable":true,"href":"https:\/\/www.jcruizaguilar.es\/index.php?rest_route=%2Fwp%2Fv2%2Fcomments&post=10"}],"version-history":[{"count":4,"href":"https:\/\/www.jcruizaguilar.es\/index.php?rest_route=\/wp\/v2\/pages\/10\/revisions"}],"predecessor-version":[{"id":192,"href":"https:\/\/www.jcruizaguilar.es\/index.php?rest_route=\/wp\/v2\/pages\/10\/revisions\/192"}],"wp:featuredmedia":[{"embeddable":true,"href":"https:\/\/www.jcruizaguilar.es\/index.php?rest_route=\/wp\/v2\/media\/16"}],"wp:attachment":[{"href":"https:\/\/www.jcruizaguilar.es\/index.php?rest_route=%2Fwp%2Fv2%2Fmedia&parent=10"}],"curies":[{"name":"wp","href":"https:\/\/api.w.org\/{rel}","templated":true}]}}