{"id":11,"date":"2023-04-03T00:04:50","date_gmt":"2023-04-03T00:04:50","guid":{"rendered":"https:\/\/jcruizaguilar.es\/?page_id=11"},"modified":"2025-07-16T11:13:14","modified_gmt":"2025-07-16T11:13:14","slug":"sobre-mi","status":"publish","type":"page","link":"https:\/\/www.jcruizaguilar.es\/?page_id=11","title":{"rendered":"Sobre m\u00ed"},"content":{"rendered":"\n<p>Actualmente soy <strong>periodista<\/strong> en <strong><a href=\"https:\/\/www.elespanol.com\/autor\/julio-cesar-ruiz-aguilar\/\">EL ESPA\u00d1OL<\/a><\/strong>, donde elaboro reportajes de largo recorrido sobre <a href=\"https:\/\/www.elespanol.com\/reportajes\/20250614\/marihuana-potente-mundo-cultivan-espana-mafias-chinas-vigiladas-dea-mayor-pureza-jamas-conocido\/1003743776545_0.html\">crimen organizado<\/a>, cubro <a href=\"https:\/\/www.elespanol.com\/reportajes\/20241129\/mes-despues-dana-vida-abre-paso-zona-cero-desolacion-esperanza-no-podeis-dejar-olvido\/903910171_0.html\">sucesos<\/a>, <a href=\"https:\/\/www.elespanol.com\/reportajes\/20250301\/viaje-nuadibu-puerto-mauritania-migrantes-esperan-cayuco-canarias-eur-llegas-hierro-dias\/926407450_0.html\">migraciones<\/a> e <a href=\"https:\/\/www.elespanol.com\/reportajes\/20250302\/antonio-lopez-emigro-anos-eeuu-ahora-pueblo-gallego-habitantes-bodega-paul-hobbs-steve-jobs-vino-kwi\/927657536_0.html\">historias humanas<\/a> que ayudan a entender la sociedad espa\u00f1ola.<\/p>\n\n\n\n<p>Antes de llegar a la redacci\u00f3n de Madrid fui corresponsal en <strong>M\u00e9xico<\/strong> y <strong>Am\u00e9rica<\/strong> <strong>Latina<\/strong>, realizando coberturas especiales en regiones como <a href=\"https:\/\/www.elespanol.com\/mundo\/america\/eeuu\/20240301\/trump-llama-violadores-migrantes-biden-pide-union-visita-ambos-frontera-mexico\/836416861_0.html\">Norteam\u00e9rica<\/a>, <a href=\"https:\/\/www.elespanol.com\/mundo\/america\/20230810\/narco-mexicaniza-costa-rica-pais-seguro-centroamerica-alcanza-maximos-violencia\/785171821_0.html\">Centroam\u00e9rica<\/a>, la <a href=\"https:\/\/www.elespanol.com\/mundo\/america\/20231016\/daniel-noboa-empresario-liberal-derechas-gana-elecciones-ecuador-nuevo-presidente\/802419759_0.html\">Comunidad Andina<\/a> y el <a href=\"https:\/\/www.elespanol.com\/mundo\/america\/20231028\/barrio-caro-latinoamerica-no-votan-milei-no-necesitamos-destruccion\/805169791_0.html\">Cono Sur<\/a>.<\/p>\n\n\n\n<p>Durante ese tiempo, me adentr\u00e9 en <a href=\"https:\/\/www.elespanol.com\/mundo\/america\/20240218\/chiapas-cementerio-carteles-mexicanos-peleas-bandas-drogas-decenas-muertos\/833416789_0.html\">zonas conflictivas<\/a> y profundic\u00e9 en los vestigios del narcotr\u00e1fico mexicano, con atenci\u00f3n especial al <a href=\"https:\/\/www.elespanol.com\/porfolio\/actualidad\/20240720\/cartel-jalisco-opera-espana-hace-ano-trae-metanfetaminas-mexico-prepara-producir-fentanilo\/870663153_0.html\">C\u00e1rtel de Jalisco Nueva Generaci\u00f3n<\/a>.<\/p>\n\n\n\n<figure class=\"wp-block-image size-large\"><img loading=\"lazy\" decoding=\"async\" width=\"1024\" height=\"681\" src=\"https:\/\/i0.wp.com\/www.jcruizaguilar.es\/wp-content\/uploads\/2025\/06\/251bee9e-9ea2-4e1e-9ad1-eaedb6be0b30-1024x681.jpg?resize=1024%2C681&#038;ssl=1\" alt=\"\" class=\"wp-image-338\" srcset=\"https:\/\/i0.wp.com\/www.jcruizaguilar.es\/wp-content\/uploads\/2025\/06\/251bee9e-9ea2-4e1e-9ad1-eaedb6be0b30.jpg?resize=1024%2C681&amp;ssl=1 1024w, https:\/\/i0.wp.com\/www.jcruizaguilar.es\/wp-content\/uploads\/2025\/06\/251bee9e-9ea2-4e1e-9ad1-eaedb6be0b30.jpg?resize=300%2C200&amp;ssl=1 300w, https:\/\/i0.wp.com\/www.jcruizaguilar.es\/wp-content\/uploads\/2025\/06\/251bee9e-9ea2-4e1e-9ad1-eaedb6be0b30.jpg?resize=768%2C511&amp;ssl=1 768w, https:\/\/i0.wp.com\/www.jcruizaguilar.es\/wp-content\/uploads\/2025\/06\/251bee9e-9ea2-4e1e-9ad1-eaedb6be0b30.jpg?resize=1536%2C1022&amp;ssl=1 1536w, https:\/\/i0.wp.com\/www.jcruizaguilar.es\/wp-content\/uploads\/2025\/06\/251bee9e-9ea2-4e1e-9ad1-eaedb6be0b30.jpg?resize=2048%2C1362&amp;ssl=1 2048w\" sizes=\"auto, (max-width: 1000px) 100vw, 1000px\" data-recalc-dims=\"1\" \/><figcaption class=\"wp-element-caption\">Cobertura del desastre natural en Valencia tras el paso de la peor DANA del siglo. Octubre de 2024. Foto: <a href=\"https:\/\/www.elespanol.com\/reportajes\/20241103\/buzos-guardia-civil-ume-parkings-muerte-encontramos-cadaveres-tacto\/898160279_0.html?utm_cmp_rs=linksinline\">Rodrigo M\u00ednguez<\/a>.<\/figcaption><\/figure>\n\n\n\n<p>Me form\u00e9 en <strong>Periodismo<\/strong> y <strong>Ciencias<\/strong> <strong>Pol\u00edticas<\/strong> en la Universidad Carlos III de Madrid gracias a una beca de la Fundaci\u00f3n Alumni, y me especialic\u00e9 en la &#8216;Transformaci\u00f3n del M\u00e9xico Contempor\u00e1neo&#8217; en el campus de Ciudad de M\u00e9xico del Tecnol\u00f3gico de Monterrey.<\/p>\n\n\n\n<p>Aunque en realidad aprend\u00ed mucho antes sobre el terreno: <strong>comenc\u00e9<\/strong> <strong>a<\/strong> <strong>ejercer<\/strong> <strong>a los 16 a\u00f1os<\/strong> en medios de comunicaci\u00f3n locales de <strong>Canarias<\/strong> y posteriormente en generalistas de <strong>Madrid<\/strong>, entre ellos ABC u Onda Cero.<\/p>\n\n\n\n<p>Las <strong>grandes<\/strong> <strong>historias<\/strong> que requieren seguimiento e investigaci\u00f3n son mi gran pasi\u00f3n. Si tienes <strong>pistas<\/strong>,&nbsp;<strong>historias<\/strong>&nbsp;o&nbsp;<strong>informaci\u00f3n<\/strong>&nbsp;<strong>relevante<\/strong>, soy la persona adecuada para tratarla de manera confidencial. <strong><a href=\"https:\/\/jcruizaguilar.es\/?page_id=15\"><mark style=\"background-color:rgba(0, 0, 0, 0);color:#cf2e2e\" class=\"has-inline-color\">Cont\u00e1ctame<\/mark><\/a><\/strong>.<\/p>\n","protected":false},"excerpt":{"rendered":"<p>Actualmente soy periodista en EL ESPA\u00d1OL, donde elaboro reportajes de largo recorrido sobre crimen organizado, cubro sucesos, migraciones e historias humanas que ayudan a entender la sociedad espa\u00f1ola. Antes de llegar a la redacci\u00f3n de Madrid fui corresponsal en M\u00e9xico y Am\u00e9rica Latina, realizando coberturas especiales en regiones como Norteam\u00e9rica, Centroam\u00e9rica, la Comunidad Andina y [&hellip;]<\/p>\n","protected":false},"author":1,"featured_media":0,"parent":0,"menu_order":0,"comment_status":"closed","ping_status":"closed","template":"","meta":{"footnotes":""},"class_list":["post-11","page","type-page","status-publish","hentry"],"yoast_head":"<!-- This site is optimized with the Yoast SEO plugin v20.5 - https:\/\/yoast.com\/wordpress\/plugins\/seo\/ -->\n<title>Sobre m\u00ed - Julio C\u00e9sar Ruiz Aguilar<\/title>\n<meta name=\"description\" content=\"Periodista de investigaci\u00f3n de EL ESPA\u00d1OL dedicado a reportajes de largo recorrido, antes fui corresponsal en Am\u00e9rica Latina.\" \/>\n<meta name=\"robots\" content=\"index, follow, max-snippet:-1, max-image-preview:large, max-video-preview:-1\" \/>\n<link rel=\"canonical\" href=\"https:\/\/www.jcruizaguilar.es\/?page_id=11\" \/>\n<meta property=\"og:locale\" content=\"es_ES\" \/>\n<meta property=\"og:type\" content=\"article\" \/>\n<meta property=\"og:title\" content=\"Sobre m\u00ed - Julio C\u00e9sar Ruiz Aguilar\" \/>\n<meta property=\"og:description\" content=\"Periodista de investigaci\u00f3n de EL ESPA\u00d1OL dedicado a reportajes de largo recorrido, antes fui corresponsal en Am\u00e9rica Latina.\" \/>\n<meta property=\"og:url\" content=\"https:\/\/www.jcruizaguilar.es\/?page_id=11\" \/>\n<meta property=\"og:site_name\" content=\"Julio C\u00e9sar Ruiz Aguilar\" \/>\n<meta property=\"article:modified_time\" content=\"2025-07-16T11:13:14+00:00\" \/>\n<meta property=\"og:image\" content=\"https:\/\/www.jcruizaguilar.es\/wp-content\/uploads\/2025\/06\/251bee9e-9ea2-4e1e-9ad1-eaedb6be0b30-1024x681.jpg\" \/>\n<meta name=\"twitter:card\" content=\"summary_large_image\" \/>\n<meta name=\"twitter:label1\" content=\"Tiempo de lectura\" \/>\n\t<meta name=\"twitter:data1\" content=\"2 minutos\" \/>\n<script type=\"application\/ld+json\" class=\"yoast-schema-graph\">{\"@context\":\"https:\/\/schema.org\",\"@graph\":[{\"@type\":\"WebPage\",\"@id\":\"https:\/\/www.jcruizaguilar.es\/?page_id=11\",\"url\":\"https:\/\/www.jcruizaguilar.es\/?page_id=11\",\"name\":\"Sobre m\u00ed - Julio C\u00e9sar Ruiz Aguilar\",\"isPartOf\":{\"@id\":\"https:\/\/www.jcruizaguilar.es\/#website\"},\"datePublished\":\"2023-04-03T00:04:50+00:00\",\"dateModified\":\"2025-07-16T11:13:14+00:00\",\"description\":\"Periodista de investigaci\u00f3n de EL ESPA\u00d1OL dedicado a reportajes de largo recorrido, antes fui corresponsal en Am\u00e9rica Latina.\",\"breadcrumb\":{\"@id\":\"https:\/\/www.jcruizaguilar.es\/?page_id=11#breadcrumb\"},\"inLanguage\":\"es\",\"potentialAction\":[{\"@type\":\"ReadAction\",\"target\":[\"https:\/\/www.jcruizaguilar.es\/?page_id=11\"]}]},{\"@type\":\"BreadcrumbList\",\"@id\":\"https:\/\/www.jcruizaguilar.es\/?page_id=11#breadcrumb\",\"itemListElement\":[{\"@type\":\"ListItem\",\"position\":1,\"name\":\"Portada\",\"item\":\"https:\/\/www.jcruizaguilar.es\/\"},{\"@type\":\"ListItem\",\"position\":2,\"name\":\"Sobre m\u00ed\"}]},{\"@type\":\"WebSite\",\"@id\":\"https:\/\/www.jcruizaguilar.es\/#website\",\"url\":\"https:\/\/www.jcruizaguilar.es\/\",\"name\":\"Julio C\u00e9sar Ruiz Aguilar\",\"description\":\"Periodista. Redactor y editor freelance.\",\"potentialAction\":[{\"@type\":\"SearchAction\",\"target\":{\"@type\":\"EntryPoint\",\"urlTemplate\":\"https:\/\/www.jcruizaguilar.es\/?s={search_term_string}\"},\"query-input\":\"required name=search_term_string\"}],\"inLanguage\":\"es\"}]}<\/script>\n<!-- \/ Yoast SEO plugin. -->","yoast_head_json":{"title":"Sobre m\u00ed - Julio C\u00e9sar Ruiz Aguilar","description":"Periodista de investigaci\u00f3n de EL ESPA\u00d1OL dedicado a reportajes de largo recorrido, antes fui corresponsal en Am\u00e9rica Latina.","robots":{"index":"index","follow":"follow","max-snippet":"max-snippet:-1","max-image-preview":"max-image-preview:large","max-video-preview":"max-video-preview:-1"},"canonical":"https:\/\/www.jcruizaguilar.es\/?page_id=11","og_locale":"es_ES","og_type":"article","og_title":"Sobre m\u00ed - Julio C\u00e9sar Ruiz Aguilar","og_description":"Periodista de investigaci\u00f3n de EL ESPA\u00d1OL dedicado a reportajes de largo recorrido, antes fui corresponsal en Am\u00e9rica Latina.","og_url":"https:\/\/www.jcruizaguilar.es\/?page_id=11","og_site_name":"Julio C\u00e9sar Ruiz Aguilar","article_modified_time":"2025-07-16T11:13:14+00:00","og_image":[{"url":"https:\/\/www.jcruizaguilar.es\/wp-content\/uploads\/2025\/06\/251bee9e-9ea2-4e1e-9ad1-eaedb6be0b30-1024x681.jpg"}],"twitter_card":"summary_large_image","twitter_misc":{"Tiempo de lectura":"2 minutos"},"schema":{"@context":"https:\/\/schema.org","@graph":[{"@type":"WebPage","@id":"https:\/\/www.jcruizaguilar.es\/?page_id=11","url":"https:\/\/www.jcruizaguilar.es\/?page_id=11","name":"Sobre m\u00ed - Julio C\u00e9sar Ruiz Aguilar","isPartOf":{"@id":"https:\/\/www.jcruizaguilar.es\/#website"},"datePublished":"2023-04-03T00:04:50+00:00","dateModified":"2025-07-16T11:13:14+00:00","description":"Periodista de investigaci\u00f3n de EL ESPA\u00d1OL dedicado a reportajes de largo recorrido, antes fui corresponsal en Am\u00e9rica Latina.","breadcrumb":{"@id":"https:\/\/www.jcruizaguilar.es\/?page_id=11#breadcrumb"},"inLanguage":"es","potentialAction":[{"@type":"ReadAction","target":["https:\/\/www.jcruizaguilar.es\/?page_id=11"]}]},{"@type":"BreadcrumbList","@id":"https:\/\/www.jcruizaguilar.es\/?page_id=11#breadcrumb","itemListElement":[{"@type":"ListItem","position":1,"name":"Portada","item":"https:\/\/www.jcruizaguilar.es\/"},{"@type":"ListItem","position":2,"name":"Sobre m\u00ed"}]},{"@type":"WebSite","@id":"https:\/\/www.jcruizaguilar.es\/#website","url":"https:\/\/www.jcruizaguilar.es\/","name":"Julio C\u00e9sar Ruiz Aguilar","description":"Periodista. Redactor y editor freelance.","potentialAction":[{"@type":"SearchAction","target":{"@type":"EntryPoint","urlTemplate":"https:\/\/www.jcruizaguilar.es\/?s={search_term_string}"},"query-input":"required name=search_term_string"}],"inLanguage":"es"}]}},"jetpack-related-posts":[{"id":13,"url":"https:\/\/www.jcruizaguilar.es\/?page_id=13","url_meta":{"origin":11,"position":0},"title":"Redactor","date":"abril 3, 2023","format":false,"excerpt":"A lo largo de estos a\u00f1os he escrito todo tipo de trabajos: reportajes, cr\u00f3nicas, entrevistas, noticias y columnas de opini\u00f3n. Estos son un ejemplo: Reportaje \u00abTren Maya, la megaobra de AMLO que cuesta a M\u00e9xico desalojos forzados, mucho dinero y 10.000.000 \u00e1rboles\u00bb, publicado en EL ESPA\u00d1OL el 07\/09\/2023. \u00abG\u00e1lvez o\u2026","rel":"","context":"Entrada similar","img":{"alt_text":"","src":"https:\/\/i0.wp.com\/www.jcruizaguilar.es\/wp-content\/uploads\/2023\/10\/Captura-de-pantalla-2023-10-22-a-las-20.39.51.png?resize=350%2C200&ssl=1","width":350,"height":200},"classes":[]}],"_links":{"self":[{"href":"https:\/\/www.jcruizaguilar.es\/index.php?rest_route=\/wp\/v2\/pages\/11","targetHints":{"allow":["GET"]}}],"collection":[{"href":"https:\/\/www.jcruizaguilar.es\/index.php?rest_route=\/wp\/v2\/pages"}],"about":[{"href":"https:\/\/www.jcruizaguilar.es\/index.php?rest_route=\/wp\/v2\/types\/page"}],"author":[{"embeddable":true,"href":"https:\/\/www.jcruizaguilar.es\/index.php?rest_route=\/wp\/v2\/users\/1"}],"replies":[{"embeddable":true,"href":"https:\/\/www.jcruizaguilar.es\/index.php?rest_route=%2Fwp%2Fv2%2Fcomments&post=11"}],"version-history":[{"count":19,"href":"https:\/\/www.jcruizaguilar.es\/index.php?rest_route=\/wp\/v2\/pages\/11\/revisions"}],"predecessor-version":[{"id":363,"href":"https:\/\/www.jcruizaguilar.es\/index.php?rest_route=\/wp\/v2\/pages\/11\/revisions\/363"}],"wp:attachment":[{"href":"https:\/\/www.jcruizaguilar.es\/index.php?rest_route=%2Fwp%2Fv2%2Fmedia&parent=11"}],"curies":[{"name":"wp","href":"https:\/\/api.w.org\/{rel}","templated":true}]}}