{"id":14,"date":"2023-04-03T00:04:51","date_gmt":"2023-04-03T00:04:51","guid":{"rendered":"https:\/\/jcruizaguilar.es\/?page_id=14"},"modified":"2023-04-11T15:28:53","modified_gmt":"2023-04-11T15:28:53","slug":"editor","status":"publish","type":"page","link":"https:\/\/www.jcruizaguilar.es\/?page_id=14","title":{"rendered":"Editor"},"content":{"rendered":"\n<p>Siempre he sentido una gran pasi\u00f3n por el lenguaje y el estilo. Nace, posiblemente, de mi amor por las letras y la literatura, pero se define con mi entusiasmo por la elaboraci\u00f3n de una pieza period\u00edstica perfecta.<\/p>\n\n\n\n<p>Gracias a ello he desarrollado un <strong>gran dominio<\/strong> del <strong>lenguaje<\/strong>, del <strong>estilo<\/strong> y tambi\u00e9n de la <strong>edici\u00f3n ortotipogr\u00e1fica<\/strong>. Mis trabajos como editor comenzaron en el sector editorial y se desarrollan en el mundo period\u00edstico.<\/p>\n\n\n\n<figure class=\"wp-block-image size-large\"><img loading=\"lazy\" decoding=\"async\" width=\"1024\" height=\"388\" src=\"https:\/\/i0.wp.com\/jcruizaguilar.es\/wp-content\/uploads\/2023\/04\/Captura-de-pantalla-2023-04-09-a-las-18.57.38-1024x388.png?resize=1024%2C388&#038;ssl=1\" alt=\"\" class=\"wp-image-164\" srcset=\"https:\/\/i0.wp.com\/www.jcruizaguilar.es\/wp-content\/uploads\/2023\/04\/Captura-de-pantalla-2023-04-09-a-las-18.57.38.png?resize=1024%2C388&amp;ssl=1 1024w, https:\/\/i0.wp.com\/www.jcruizaguilar.es\/wp-content\/uploads\/2023\/04\/Captura-de-pantalla-2023-04-09-a-las-18.57.38.png?resize=300%2C114&amp;ssl=1 300w, https:\/\/i0.wp.com\/www.jcruizaguilar.es\/wp-content\/uploads\/2023\/04\/Captura-de-pantalla-2023-04-09-a-las-18.57.38.png?resize=768%2C291&amp;ssl=1 768w, https:\/\/i0.wp.com\/www.jcruizaguilar.es\/wp-content\/uploads\/2023\/04\/Captura-de-pantalla-2023-04-09-a-las-18.57.38.png?resize=1536%2C582&amp;ssl=1 1536w, https:\/\/i0.wp.com\/www.jcruizaguilar.es\/wp-content\/uploads\/2023\/04\/Captura-de-pantalla-2023-04-09-a-las-18.57.38.png?w=1559&amp;ssl=1 1559w\" sizes=\"auto, (max-width: 1000px) 100vw, 1000px\" data-recalc-dims=\"1\" \/><figcaption class=\"wp-element-caption\">Este texto es de transcripci\u00f3n, edici\u00f3n y maquetaci\u00f3n propia. Pertenece a una entrevista publicada en el Diario ABC.<\/figcaption><\/figure>\n\n\n\n<p>De la magia de la voz a la magia de la palabra. Mis trabajos como editor a veces comienzan con un archivo de audio crudo. En estos casos me encargo de realizar una transcripci\u00f3n completa para posteriormente llevar a cabo la edici\u00f3n ortotipogr\u00e1fica. Convirtiendo la nada en el todo, listo para publicar.<\/p>\n\n\n\n<figure class=\"wp-block-jetpack-image-compare\"><div class=\"juxtapose\" data-mode=\"horizontal\"><img loading=\"lazy\" decoding=\"async\" id=\"152\" src=\"https:\/\/i0.wp.com\/jcruizaguilar.es\/wp-content\/uploads\/2023\/04\/Captura-de-pantalla-2023-04-09-a-las-18.16.13.png?ssl=1\" alt=\"\" width=\"769\" height=\"534\" class=\"image-compare__image-before\"\/><img loading=\"lazy\" decoding=\"async\" id=\"153\" src=\"https:\/\/i2.wp.com\/jcruizaguilar.es\/wp-content\/uploads\/2023\/04\/Captura-de-pantalla-2023-04-09-a-las-18.18.18.png?ssl=1\" alt=\"\" width=\"701\" height=\"822\" class=\"image-compare__image-after\"\/><\/div><figcaption>Ejemplo de uno de mis trabajos de transcripci\u00f3n, edici\u00f3n ortotipogr\u00e1fica y posterior maquetaci\u00f3n para el Diario ABC.<\/figcaption><\/figure>\n\n\n\n<p>En tiempos de <strong>periodismo digital<\/strong> no tan solo debemos preocuparnos por elaborar una buena pieza. Tambi\u00e9n necesitamos cuidar los <strong>par\u00e1metros SEO<\/strong> para alcanzar un \u00f3ptimo posicionamiento en los buscadores. Mi experiencia en algunos medios, corrigiendo art\u00edculos, supervisando estilo y encarg\u00e1ndome de la inserci\u00f3n de estos par\u00e1metros, me avalan en este campo.<\/p>\n\n\n\n<div class=\"wp-block-jetpack-tiled-gallery is-style-rectangular\"><div class=\"tiled-gallery__gallery\"><div class=\"tiled-gallery__row\"><div class=\"tiled-gallery__col\" style=\"flex-basis:32.59911%\"><figure class=\"tiled-gallery__item\"><img decoding=\"async\" srcset=\"https:\/\/i1.wp.com\/jcruizaguilar.es\/wp-content\/uploads\/2023\/04\/Captura-de-pantalla-2023-04-09-a-las-18.25.42.png?strip=info&#038;w=549&#038;ssl=1 549w\" alt=\"\" data-height=\"847\" data-id=\"155\" data-link=\"https:\/\/jcruizaguilar.es\/?attachment_id=155\" data-url=\"https:\/\/jcruizaguilar.es\/wp-content\/uploads\/2023\/04\/Captura-de-pantalla-2023-04-09-a-las-18.25.42.png\" data-width=\"549\" src=\"https:\/\/i1.wp.com\/jcruizaguilar.es\/wp-content\/uploads\/2023\/04\/Captura-de-pantalla-2023-04-09-a-las-18.25.42.png?ssl=1\" data-amp-layout=\"responsive\"\/><\/figure><\/div><div class=\"tiled-gallery__col\" style=\"flex-basis:34.76336%\"><figure class=\"tiled-gallery__item\"><img decoding=\"async\" srcset=\"https:\/\/i2.wp.com\/jcruizaguilar.es\/wp-content\/uploads\/2023\/04\/Captura-de-pantalla-2023-04-09-a-las-18.23.57.png?strip=info&#038;w=542&#038;ssl=1 542w\" alt=\"\" data-height=\"784\" data-id=\"154\" data-link=\"https:\/\/jcruizaguilar.es\/?attachment_id=154\" data-url=\"https:\/\/jcruizaguilar.es\/wp-content\/uploads\/2023\/04\/Captura-de-pantalla-2023-04-09-a-las-18.23.57.png\" data-width=\"542\" src=\"https:\/\/i2.wp.com\/jcruizaguilar.es\/wp-content\/uploads\/2023\/04\/Captura-de-pantalla-2023-04-09-a-las-18.23.57.png?ssl=1\" data-amp-layout=\"responsive\"\/><\/figure><\/div><div class=\"tiled-gallery__col\" style=\"flex-basis:32.63753%\"><figure class=\"tiled-gallery__item\"><img decoding=\"async\" srcset=\"https:\/\/i1.wp.com\/jcruizaguilar.es\/wp-content\/uploads\/2023\/04\/Captura-de-pantalla-2023-04-09-a-las-18.26.19.png?strip=info&#038;w=549&#038;ssl=1 549w\" alt=\"\" data-height=\"846\" data-id=\"156\" data-link=\"https:\/\/jcruizaguilar.es\/?attachment_id=156\" data-url=\"https:\/\/jcruizaguilar.es\/wp-content\/uploads\/2023\/04\/Captura-de-pantalla-2023-04-09-a-las-18.26.19.png\" data-width=\"549\" src=\"https:\/\/i1.wp.com\/jcruizaguilar.es\/wp-content\/uploads\/2023\/04\/Captura-de-pantalla-2023-04-09-a-las-18.26.19.png?ssl=1\" data-amp-layout=\"responsive\"\/><\/figure><\/div><\/div><\/div><\/div>\n\n\n\n<p>El mejor editor es un buen escritor. No solamente debemos pensar en lo que queremos contar sino tambi\u00e9n en c\u00f3mo lo vamos a hacer. Es muy importante cuidar la <strong>ortograf\u00eda<\/strong>, pero tambi\u00e9n la <strong>gram\u00e1tica<\/strong>, la <strong>sintaxis<\/strong> y el <strong>estilo<\/strong>. Mezclar la velocidad de la redacci\u00f3n period\u00edstica con la quietud de la edici\u00f3n literaria para publicar piezas perfectas.<\/p>\n\n\n\n<figure class=\"wp-block-image aligncenter size-full is-resized\"><img loading=\"lazy\" decoding=\"async\" src=\"https:\/\/i0.wp.com\/jcruizaguilar.es\/wp-content\/uploads\/2023\/04\/Captura-de-pantalla-2023-04-09-a-las-18.38.35.png?resize=483%2C424&#038;ssl=1\" alt=\"\" class=\"wp-image-157\" width=\"483\" height=\"424\" srcset=\"https:\/\/i0.wp.com\/www.jcruizaguilar.es\/wp-content\/uploads\/2023\/04\/Captura-de-pantalla-2023-04-09-a-las-18.38.35.png?w=975&amp;ssl=1 975w, https:\/\/i0.wp.com\/www.jcruizaguilar.es\/wp-content\/uploads\/2023\/04\/Captura-de-pantalla-2023-04-09-a-las-18.38.35.png?resize=300%2C264&amp;ssl=1 300w, https:\/\/i0.wp.com\/www.jcruizaguilar.es\/wp-content\/uploads\/2023\/04\/Captura-de-pantalla-2023-04-09-a-las-18.38.35.png?resize=768%2C675&amp;ssl=1 768w\" sizes=\"auto, (max-width: 483px) 100vw, 483px\" data-recalc-dims=\"1\" \/><figcaption class=\"wp-element-caption\">En esta imagen se muestra un ejemplo de trabajo de edici\u00f3n para una publicaci\u00f3n editorial.<\/figcaption><\/figure>\n\n\n\n<div class=\"wp-block-group alignwide has-background-color has-foreground-background-color has-text-color has-background is-layout-flow wp-block-group-is-layout-flow\" style=\"border-radius:8px\">\n<div class=\"wp-block-columns is-style-default is-layout-flex wp-container-core-columns-is-layout-28f84493 wp-block-columns-is-layout-flex\">\n<div class=\"wp-block-column is-vertically-aligned-center is-layout-flow wp-block-column-is-layout-flow\">\n<h3 class=\"wp-block-heading has-text-align-left\">\u00bfQuieres contratar mis servicios como editor?<\/h3>\n<\/div>\n\n\n\n<div class=\"wp-block-column is-vertically-aligned-center is-layout-flow wp-block-column-is-layout-flow\">\n<div class=\"wp-block-buttons is-horizontal is-content-justification-right is-layout-flex wp-container-core-buttons-is-layout-30af2ff6 wp-block-buttons-is-layout-flex\">\n<div class=\"wp-block-button is-style-fill\"><a class=\"wp-block-button__link has-foreground-color has-background-background-color has-text-color has-background wp-element-button\" href=\"https:\/\/jcruizaguilar.es\/?page_id=15\">Contacta conmigo<\/a><\/div>\n<\/div>\n<\/div>\n<\/div>\n<\/div>\n","protected":false},"excerpt":{"rendered":"<p>Siempre he sentido una gran pasi\u00f3n por el lenguaje y el estilo. Nace, posiblemente, de mi amor por las letras y la literatura, pero se define con mi entusiasmo por la elaboraci\u00f3n de una pieza period\u00edstica perfecta. Gracias a ello he desarrollado un gran dominio del lenguaje, del estilo y tambi\u00e9n de la edici\u00f3n ortotipogr\u00e1fica. [&hellip;]<\/p>\n","protected":false},"author":1,"featured_media":0,"parent":0,"menu_order":0,"comment_status":"closed","ping_status":"closed","template":"","meta":{"footnotes":""},"class_list":["post-14","page","type-page","status-publish","hentry"],"yoast_head":"<!-- This site is optimized with the Yoast SEO plugin v20.5 - https:\/\/yoast.com\/wordpress\/plugins\/seo\/ -->\n<title>Editor - Julio C\u00e9sar Ruiz Aguilar<\/title>\n<meta name=\"description\" content=\"\u00bfQuieres contratar mis servicios como editor? Ponte en contacto conmigo. Me avala mi trabajo en el sector editorial y el mundo period\u00edstico.\" \/>\n<meta name=\"robots\" content=\"index, follow, max-snippet:-1, max-image-preview:large, max-video-preview:-1\" \/>\n<link rel=\"canonical\" href=\"https:\/\/www.jcruizaguilar.es\/?page_id=14\" \/>\n<meta property=\"og:locale\" content=\"es_ES\" \/>\n<meta property=\"og:type\" content=\"article\" \/>\n<meta property=\"og:title\" content=\"Editor - Julio C\u00e9sar Ruiz Aguilar\" \/>\n<meta property=\"og:description\" content=\"\u00bfQuieres contratar mis servicios como editor? Ponte en contacto conmigo. Me avala mi trabajo en el sector editorial y el mundo period\u00edstico.\" \/>\n<meta property=\"og:url\" content=\"https:\/\/www.jcruizaguilar.es\/?page_id=14\" \/>\n<meta property=\"og:site_name\" content=\"Julio C\u00e9sar Ruiz Aguilar\" \/>\n<meta property=\"article:modified_time\" content=\"2023-04-11T15:28:53+00:00\" \/>\n<meta property=\"og:image\" content=\"https:\/\/jcruizaguilar.es\/wp-content\/uploads\/2023\/04\/Captura-de-pantalla-2023-04-09-a-las-18.57.38-1024x388.png\" \/>\n<meta name=\"twitter:card\" content=\"summary_large_image\" \/>\n<meta name=\"twitter:label1\" content=\"Tiempo de lectura\" \/>\n\t<meta name=\"twitter:data1\" content=\"3 minutos\" \/>\n<script type=\"application\/ld+json\" class=\"yoast-schema-graph\">{\"@context\":\"https:\/\/schema.org\",\"@graph\":[{\"@type\":\"WebPage\",\"@id\":\"https:\/\/www.jcruizaguilar.es\/?page_id=14\",\"url\":\"https:\/\/www.jcruizaguilar.es\/?page_id=14\",\"name\":\"Editor - Julio C\u00e9sar Ruiz Aguilar\",\"isPartOf\":{\"@id\":\"https:\/\/www.jcruizaguilar.es\/#website\"},\"datePublished\":\"2023-04-03T00:04:51+00:00\",\"dateModified\":\"2023-04-11T15:28:53+00:00\",\"description\":\"\u00bfQuieres contratar mis servicios como editor? Ponte en contacto conmigo. Me avala mi trabajo en el sector editorial y el mundo period\u00edstico.\",\"breadcrumb\":{\"@id\":\"https:\/\/www.jcruizaguilar.es\/?page_id=14#breadcrumb\"},\"inLanguage\":\"es\",\"potentialAction\":[{\"@type\":\"ReadAction\",\"target\":[\"https:\/\/www.jcruizaguilar.es\/?page_id=14\"]}]},{\"@type\":\"BreadcrumbList\",\"@id\":\"https:\/\/www.jcruizaguilar.es\/?page_id=14#breadcrumb\",\"itemListElement\":[{\"@type\":\"ListItem\",\"position\":1,\"name\":\"Portada\",\"item\":\"https:\/\/www.jcruizaguilar.es\/\"},{\"@type\":\"ListItem\",\"position\":2,\"name\":\"Editor\"}]},{\"@type\":\"WebSite\",\"@id\":\"https:\/\/www.jcruizaguilar.es\/#website\",\"url\":\"https:\/\/www.jcruizaguilar.es\/\",\"name\":\"Julio C\u00e9sar Ruiz Aguilar\",\"description\":\"Periodista. Redactor y editor freelance.\",\"potentialAction\":[{\"@type\":\"SearchAction\",\"target\":{\"@type\":\"EntryPoint\",\"urlTemplate\":\"https:\/\/www.jcruizaguilar.es\/?s={search_term_string}\"},\"query-input\":\"required name=search_term_string\"}],\"inLanguage\":\"es\"}]}<\/script>\n<!-- \/ Yoast SEO plugin. -->","yoast_head_json":{"title":"Editor - Julio C\u00e9sar Ruiz Aguilar","description":"\u00bfQuieres contratar mis servicios como editor? Ponte en contacto conmigo. Me avala mi trabajo en el sector editorial y el mundo period\u00edstico.","robots":{"index":"index","follow":"follow","max-snippet":"max-snippet:-1","max-image-preview":"max-image-preview:large","max-video-preview":"max-video-preview:-1"},"canonical":"https:\/\/www.jcruizaguilar.es\/?page_id=14","og_locale":"es_ES","og_type":"article","og_title":"Editor - Julio C\u00e9sar Ruiz Aguilar","og_description":"\u00bfQuieres contratar mis servicios como editor? Ponte en contacto conmigo. Me avala mi trabajo en el sector editorial y el mundo period\u00edstico.","og_url":"https:\/\/www.jcruizaguilar.es\/?page_id=14","og_site_name":"Julio C\u00e9sar Ruiz Aguilar","article_modified_time":"2023-04-11T15:28:53+00:00","og_image":[{"url":"https:\/\/jcruizaguilar.es\/wp-content\/uploads\/2023\/04\/Captura-de-pantalla-2023-04-09-a-las-18.57.38-1024x388.png"}],"twitter_card":"summary_large_image","twitter_misc":{"Tiempo de lectura":"3 minutos"},"schema":{"@context":"https:\/\/schema.org","@graph":[{"@type":"WebPage","@id":"https:\/\/www.jcruizaguilar.es\/?page_id=14","url":"https:\/\/www.jcruizaguilar.es\/?page_id=14","name":"Editor - Julio C\u00e9sar Ruiz Aguilar","isPartOf":{"@id":"https:\/\/www.jcruizaguilar.es\/#website"},"datePublished":"2023-04-03T00:04:51+00:00","dateModified":"2023-04-11T15:28:53+00:00","description":"\u00bfQuieres contratar mis servicios como editor? Ponte en contacto conmigo. Me avala mi trabajo en el sector editorial y el mundo period\u00edstico.","breadcrumb":{"@id":"https:\/\/www.jcruizaguilar.es\/?page_id=14#breadcrumb"},"inLanguage":"es","potentialAction":[{"@type":"ReadAction","target":["https:\/\/www.jcruizaguilar.es\/?page_id=14"]}]},{"@type":"BreadcrumbList","@id":"https:\/\/www.jcruizaguilar.es\/?page_id=14#breadcrumb","itemListElement":[{"@type":"ListItem","position":1,"name":"Portada","item":"https:\/\/www.jcruizaguilar.es\/"},{"@type":"ListItem","position":2,"name":"Editor"}]},{"@type":"WebSite","@id":"https:\/\/www.jcruizaguilar.es\/#website","url":"https:\/\/www.jcruizaguilar.es\/","name":"Julio C\u00e9sar Ruiz Aguilar","description":"Periodista. Redactor y editor freelance.","potentialAction":[{"@type":"SearchAction","target":{"@type":"EntryPoint","urlTemplate":"https:\/\/www.jcruizaguilar.es\/?s={search_term_string}"},"query-input":"required name=search_term_string"}],"inLanguage":"es"}]}},"jetpack-related-posts":[{"id":11,"url":"https:\/\/www.jcruizaguilar.es\/?page_id=11","url_meta":{"origin":14,"position":0},"title":"Sobre m\u00ed","date":"abril 3, 2023","format":false,"excerpt":"Actualmente soy periodista en EL ESPA\u00d1OL, donde elaboro reportajes de largo recorrido sobre crimen organizado, cubro sucesos, migraciones e historias humanas que ayudan a entender la sociedad espa\u00f1ola. Antes de llegar a la redacci\u00f3n de Madrid fui corresponsal en M\u00e9xico y Am\u00e9rica Latina, realizando coberturas especiales en regiones como Norteam\u00e9rica,\u2026","rel":"","context":"Entrada similar","img":{"alt_text":"","src":"https:\/\/i0.wp.com\/www.jcruizaguilar.es\/wp-content\/uploads\/2025\/06\/251bee9e-9ea2-4e1e-9ad1-eaedb6be0b30.jpg?resize=350%2C200&ssl=1","width":350,"height":200},"classes":[]}],"_links":{"self":[{"href":"https:\/\/www.jcruizaguilar.es\/index.php?rest_route=\/wp\/v2\/pages\/14","targetHints":{"allow":["GET"]}}],"collection":[{"href":"https:\/\/www.jcruizaguilar.es\/index.php?rest_route=\/wp\/v2\/pages"}],"about":[{"href":"https:\/\/www.jcruizaguilar.es\/index.php?rest_route=\/wp\/v2\/types\/page"}],"author":[{"embeddable":true,"href":"https:\/\/www.jcruizaguilar.es\/index.php?rest_route=\/wp\/v2\/users\/1"}],"replies":[{"embeddable":true,"href":"https:\/\/www.jcruizaguilar.es\/index.php?rest_route=%2Fwp%2Fv2%2Fcomments&post=14"}],"version-history":[{"count":14,"href":"https:\/\/www.jcruizaguilar.es\/index.php?rest_route=\/wp\/v2\/pages\/14\/revisions"}],"predecessor-version":[{"id":189,"href":"https:\/\/www.jcruizaguilar.es\/index.php?rest_route=\/wp\/v2\/pages\/14\/revisions\/189"}],"wp:attachment":[{"href":"https:\/\/www.jcruizaguilar.es\/index.php?rest_route=%2Fwp%2Fv2%2Fmedia&parent=14"}],"curies":[{"name":"wp","href":"https:\/\/api.w.org\/{rel}","templated":true}]}}