{"id":15,"date":"2023-04-03T00:04:52","date_gmt":"2023-04-03T00:04:52","guid":{"rendered":"https:\/\/jcruizaguilar.es\/?page_id=15"},"modified":"2025-07-16T11:13:40","modified_gmt":"2025-07-16T11:13:40","slug":"contacto","status":"publish","type":"page","link":"https:\/\/www.jcruizaguilar.es\/?page_id=15","title":{"rendered":"Contacto"},"content":{"rendered":"\n<p>Si est\u00e1s en esta p\u00e1gina es porque quieres contactar conmigo. Para m\u00ed es muy importante poder considerar atentamente tu mensaje.<\/p>\n\n\n\n<p>Puedes hacerme llegar <strong>pistas<\/strong>, <strong>historias<\/strong> o <strong>informaci\u00f3n<\/strong> <strong>relevante<\/strong> a <span style=\"text-decoration: underline;\">julioc.ruiz[@]elespanol.com<\/span> o <mark style=\"background-color:rgba(0, 0, 0, 0)\" class=\"has-inline-color has-foreground-color\"><span style=\"text-decoration: underline;\">contacto[@]jcruizaguilar.es<\/span><\/mark><\/p>\n\n\n\n<p class=\"has-vivid-red-color has-text-color has-link-color wp-elements-498fc6250a85af3b6e4f38f741de8f65\">Si el mensaje es <strong>urgente<\/strong>, env\u00edalo por favor a <strong>ambas<\/strong> <strong>direcciones<\/strong>. Si la informaci\u00f3n es <strong>sensible<\/strong> o merece un tratamiento especialmente <strong>confidencial<\/strong>, escribe <strong>&#8216;OFF&#8217;<\/strong> al principio del asunto. <\/p>\n\n\n\n<p>Tambi\u00e9n estoy disponible en <strong>Signal<\/strong> para todo tipo de comunicaciones reservadas y seguras: <strong>@jcruizaguilar.21<\/strong> \ud83d\udcf1<\/p>\n\n\n\n<p>Te responder\u00e9 a la mayor brevedad posible. Gracias por la confianza.<\/p>\n","protected":false},"excerpt":{"rendered":"<p>Si est\u00e1s en esta p\u00e1gina es porque quieres contactar conmigo. Para m\u00ed es muy importante poder considerar atentamente tu mensaje. Puedes hacerme llegar pistas, historias o informaci\u00f3n relevante a julioc.ruiz[@]elespanol.com o contacto[@]jcruizaguilar.es Si el mensaje es urgente, env\u00edalo por favor a ambas direcciones. Si la informaci\u00f3n es sensible o merece un tratamiento especialmente confidencial, escribe [&hellip;]<\/p>\n","protected":false},"author":1,"featured_media":0,"parent":0,"menu_order":0,"comment_status":"closed","ping_status":"closed","template":"","meta":{"footnotes":""},"class_list":["post-15","page","type-page","status-publish","hentry"],"yoast_head":"<!-- This site is optimized with the Yoast SEO plugin v20.5 - https:\/\/yoast.com\/wordpress\/plugins\/seo\/ -->\n<title>Contacto - Julio C\u00e9sar Ruiz Aguilar<\/title>\n<meta name=\"description\" content=\"A trav\u00e9s del siguiente formulario podr\u00e1s ponerte en contacto conmigo. Prometo responder en el menor tiempo posible.\" \/>\n<meta name=\"robots\" content=\"index, follow, max-snippet:-1, max-image-preview:large, max-video-preview:-1\" \/>\n<link rel=\"canonical\" href=\"https:\/\/www.jcruizaguilar.es\/?page_id=15\" \/>\n<meta property=\"og:locale\" content=\"es_ES\" \/>\n<meta property=\"og:type\" content=\"article\" \/>\n<meta property=\"og:title\" content=\"Contacto - Julio C\u00e9sar Ruiz Aguilar\" \/>\n<meta property=\"og:description\" content=\"A trav\u00e9s del siguiente formulario podr\u00e1s ponerte en contacto conmigo. Prometo responder en el menor tiempo posible.\" \/>\n<meta property=\"og:url\" content=\"https:\/\/www.jcruizaguilar.es\/?page_id=15\" \/>\n<meta property=\"og:site_name\" content=\"Julio C\u00e9sar Ruiz Aguilar\" \/>\n<meta property=\"article:modified_time\" content=\"2025-07-16T11:13:40+00:00\" \/>\n<meta name=\"twitter:card\" content=\"summary_large_image\" \/>\n<meta name=\"twitter:label1\" content=\"Tiempo de lectura\" \/>\n\t<meta name=\"twitter:data1\" content=\"1 minuto\" \/>\n<script type=\"application\/ld+json\" class=\"yoast-schema-graph\">{\"@context\":\"https:\/\/schema.org\",\"@graph\":[{\"@type\":\"WebPage\",\"@id\":\"https:\/\/www.jcruizaguilar.es\/?page_id=15\",\"url\":\"https:\/\/www.jcruizaguilar.es\/?page_id=15\",\"name\":\"Contacto - Julio C\u00e9sar Ruiz Aguilar\",\"isPartOf\":{\"@id\":\"https:\/\/www.jcruizaguilar.es\/#website\"},\"datePublished\":\"2023-04-03T00:04:52+00:00\",\"dateModified\":\"2025-07-16T11:13:40+00:00\",\"description\":\"A trav\u00e9s del siguiente formulario podr\u00e1s ponerte en contacto conmigo. Prometo responder en el menor tiempo posible.\",\"breadcrumb\":{\"@id\":\"https:\/\/www.jcruizaguilar.es\/?page_id=15#breadcrumb\"},\"inLanguage\":\"es\",\"potentialAction\":[{\"@type\":\"ReadAction\",\"target\":[\"https:\/\/www.jcruizaguilar.es\/?page_id=15\"]}]},{\"@type\":\"BreadcrumbList\",\"@id\":\"https:\/\/www.jcruizaguilar.es\/?page_id=15#breadcrumb\",\"itemListElement\":[{\"@type\":\"ListItem\",\"position\":1,\"name\":\"Portada\",\"item\":\"https:\/\/www.jcruizaguilar.es\/\"},{\"@type\":\"ListItem\",\"position\":2,\"name\":\"Contacto\"}]},{\"@type\":\"WebSite\",\"@id\":\"https:\/\/www.jcruizaguilar.es\/#website\",\"url\":\"https:\/\/www.jcruizaguilar.es\/\",\"name\":\"Julio C\u00e9sar Ruiz Aguilar\",\"description\":\"Periodista. Redactor y editor freelance.\",\"potentialAction\":[{\"@type\":\"SearchAction\",\"target\":{\"@type\":\"EntryPoint\",\"urlTemplate\":\"https:\/\/www.jcruizaguilar.es\/?s={search_term_string}\"},\"query-input\":\"required name=search_term_string\"}],\"inLanguage\":\"es\"}]}<\/script>\n<!-- \/ Yoast SEO plugin. -->","yoast_head_json":{"title":"Contacto - Julio C\u00e9sar Ruiz Aguilar","description":"A trav\u00e9s del siguiente formulario podr\u00e1s ponerte en contacto conmigo. Prometo responder en el menor tiempo posible.","robots":{"index":"index","follow":"follow","max-snippet":"max-snippet:-1","max-image-preview":"max-image-preview:large","max-video-preview":"max-video-preview:-1"},"canonical":"https:\/\/www.jcruizaguilar.es\/?page_id=15","og_locale":"es_ES","og_type":"article","og_title":"Contacto - Julio C\u00e9sar Ruiz Aguilar","og_description":"A trav\u00e9s del siguiente formulario podr\u00e1s ponerte en contacto conmigo. Prometo responder en el menor tiempo posible.","og_url":"https:\/\/www.jcruizaguilar.es\/?page_id=15","og_site_name":"Julio C\u00e9sar Ruiz Aguilar","article_modified_time":"2025-07-16T11:13:40+00:00","twitter_card":"summary_large_image","twitter_misc":{"Tiempo de lectura":"1 minuto"},"schema":{"@context":"https:\/\/schema.org","@graph":[{"@type":"WebPage","@id":"https:\/\/www.jcruizaguilar.es\/?page_id=15","url":"https:\/\/www.jcruizaguilar.es\/?page_id=15","name":"Contacto - Julio C\u00e9sar Ruiz Aguilar","isPartOf":{"@id":"https:\/\/www.jcruizaguilar.es\/#website"},"datePublished":"2023-04-03T00:04:52+00:00","dateModified":"2025-07-16T11:13:40+00:00","description":"A trav\u00e9s del siguiente formulario podr\u00e1s ponerte en contacto conmigo. Prometo responder en el menor tiempo posible.","breadcrumb":{"@id":"https:\/\/www.jcruizaguilar.es\/?page_id=15#breadcrumb"},"inLanguage":"es","potentialAction":[{"@type":"ReadAction","target":["https:\/\/www.jcruizaguilar.es\/?page_id=15"]}]},{"@type":"BreadcrumbList","@id":"https:\/\/www.jcruizaguilar.es\/?page_id=15#breadcrumb","itemListElement":[{"@type":"ListItem","position":1,"name":"Portada","item":"https:\/\/www.jcruizaguilar.es\/"},{"@type":"ListItem","position":2,"name":"Contacto"}]},{"@type":"WebSite","@id":"https:\/\/www.jcruizaguilar.es\/#website","url":"https:\/\/www.jcruizaguilar.es\/","name":"Julio C\u00e9sar Ruiz Aguilar","description":"Periodista. Redactor y editor freelance.","potentialAction":[{"@type":"SearchAction","target":{"@type":"EntryPoint","urlTemplate":"https:\/\/www.jcruizaguilar.es\/?s={search_term_string}"},"query-input":"required name=search_term_string"}],"inLanguage":"es"}]}},"jetpack-related-posts":[{"id":11,"url":"https:\/\/www.jcruizaguilar.es\/?page_id=11","url_meta":{"origin":15,"position":0},"title":"Sobre m\u00ed","date":"abril 3, 2023","format":false,"excerpt":"Actualmente soy periodista en EL ESPA\u00d1OL, donde elaboro reportajes de largo recorrido sobre crimen organizado, cubro sucesos, migraciones e historias humanas que ayudan a entender la sociedad espa\u00f1ola. Antes de llegar a la redacci\u00f3n de Madrid fui corresponsal en M\u00e9xico y Am\u00e9rica Latina, realizando coberturas especiales en regiones como Norteam\u00e9rica,\u2026","rel":"","context":"Entrada similar","img":{"alt_text":"","src":"https:\/\/i0.wp.com\/www.jcruizaguilar.es\/wp-content\/uploads\/2025\/06\/251bee9e-9ea2-4e1e-9ad1-eaedb6be0b30.jpg?resize=350%2C200&ssl=1","width":350,"height":200},"classes":[]},{"id":14,"url":"https:\/\/www.jcruizaguilar.es\/?page_id=14","url_meta":{"origin":15,"position":1},"title":"Editor","date":"abril 3, 2023","format":false,"excerpt":"Siempre he sentido una gran pasi\u00f3n por el lenguaje y el estilo. Nace, posiblemente, de mi amor por las letras y la literatura, pero se define con mi entusiasmo por la elaboraci\u00f3n de una pieza period\u00edstica perfecta. Gracias a ello he desarrollado un gran dominio del lenguaje, del estilo y\u2026","rel":"","context":"Entrada similar","img":{"alt_text":"","src":"https:\/\/i0.wp.com\/www.jcruizaguilar.es\/wp-content\/uploads\/2023\/04\/Captura-de-pantalla-2023-04-09-a-las-18.57.38.png?resize=350%2C200&ssl=1","width":350,"height":200},"classes":[]}],"_links":{"self":[{"href":"https:\/\/www.jcruizaguilar.es\/index.php?rest_route=\/wp\/v2\/pages\/15","targetHints":{"allow":["GET"]}}],"collection":[{"href":"https:\/\/www.jcruizaguilar.es\/index.php?rest_route=\/wp\/v2\/pages"}],"about":[{"href":"https:\/\/www.jcruizaguilar.es\/index.php?rest_route=\/wp\/v2\/types\/page"}],"author":[{"embeddable":true,"href":"https:\/\/www.jcruizaguilar.es\/index.php?rest_route=\/wp\/v2\/users\/1"}],"replies":[{"embeddable":true,"href":"https:\/\/www.jcruizaguilar.es\/index.php?rest_route=%2Fwp%2Fv2%2Fcomments&post=15"}],"version-history":[{"count":14,"href":"https:\/\/www.jcruizaguilar.es\/index.php?rest_route=\/wp\/v2\/pages\/15\/revisions"}],"predecessor-version":[{"id":364,"href":"https:\/\/www.jcruizaguilar.es\/index.php?rest_route=\/wp\/v2\/pages\/15\/revisions\/364"}],"wp:attachment":[{"href":"https:\/\/www.jcruizaguilar.es\/index.php?rest_route=%2Fwp%2Fv2%2Fmedia&parent=15"}],"curies":[{"name":"wp","href":"https:\/\/api.w.org\/{rel}","templated":true}]}}